{"id":15,"date":"2024-11-14T20:04:49","date_gmt":"2024-11-14T20:04:49","guid":{"rendered":"https:\/\/coordly.co\/?page_id=15"},"modified":"2025-03-17T15:17:24","modified_gmt":"2025-03-17T18:17:24","slug":"privacy-policies","status":"publish","type":"page","link":"https:\/\/coordly.co\/en\/privacy-policies\/","title":{"rendered":"Pol\u00edticas de Privacidade"},"content":{"rendered":"<h1 class=\"wp-block-heading\">Pol\u00edtica de Privacidade<\/h1>\n\n\n\n<h1 class=\"wp-block-heading\">Maleta do Engenheiro<\/h1>\n\n\n\n<p>A Maleta Do Engenheiro se compromete com a privacidade e a seguran\u00e7a das informa\u00e7\u00f5es de seus Usu\u00e1rios e Clientes. Por meio deste documento, tornamos p\u00fablico como a empresa lida com as suas informa\u00e7\u00f5es pessoais e\/ou confidenciais. A presente Pol\u00edtica de Privacidade, documento que possui natureza jur\u00eddica de contrato, dentre outros documentos e regras relacionados ao presente (como Termos de Uso, dentre outros termos e condi\u00e7\u00f5es), vinculam diretamente toda e qualquer Pessoa F\u00edsica ou Jur\u00eddica que venha a, independente do objetivo, acessar ou utilizar a Plataforma ou contratar qualquer dos Servi\u00e7os oferecidos pela Maleta Do Engenheiro. Caso n\u00e3o esteja de acordo com o conte\u00fado desta Pol\u00edtica De Privacidade ou de eventuais outros documentos a esta relacionados, n\u00e3o proceda a qualquer tipo de uso da Plataforma ou \u00e0 contrata\u00e7\u00e3o de quaisquer Servi\u00e7os da Maleta Do Engenheiro \u2013 sob pena de ficar caracterizada a sua concord\u00e2ncia t\u00e1cita. Fica garantido ao leitor, como potencial Usu\u00e1rio ou Cliente, previamente ao in\u00edcio do uso ou \u00e0 contrata\u00e7\u00e3o, a ampla liberdade para entrar em contato com a equipe da Maleta Do Engenheiro, para eventuais esclarecimentos quanto \u00e0s regras publicadas por esta empresa quanto ao uso de sua Plataforma ou Servi\u00e7os, bem como para a negocia\u00e7\u00e3o de cl\u00e1usulas e condi\u00e7\u00f5es.<\/p>\n\n\n\n<p>A presente Pol\u00edtica De Privacidade \u00e9 publicada pela empresa titular da Plataforma e dos Servi\u00e7os, sendo: MALETA DO ENGENHEIRO LTDA, inscrita no CNPJ sob o n\u00ba 47.967.257\/0001-80, com sede na Av. T-1, n\u00ba 2203, Bairro Setor Bueno, na cidade de Goi\u00e2nia \u2013 GO, CEP 74.210-025. Em caso de d\u00favidas, por favor nos envie uma mensagem para \u201cromeu@coordly.co\u201d.<\/p>\n\n\n\n<h1 class=\"wp-block-heading\">1. OBJETO<\/h1>\n\n\n\n<p>1.1. Esta \u201cPol\u00edtica De Privacidade\u201d tem como Objeto regulamentar a forma como a Maleta Do Engenheiro lida com a coleta, a guarda e o uso de informa\u00e7\u00f5es referentes a seus Usu\u00e1rios e Clientes, nos termos e condi\u00e7\u00f5es estabelecidos neste instrumento e em demais outras regras ou disposi\u00e7\u00f5es publicadas na Plataforma.<\/p>\n\n\n\n<p>1.2. O Usu\u00e1rio e o Cliente declaram-se cientes e concordam com a coleta, o armazenamento, o tratamento e o uso das informa\u00e7\u00f5es coletadas pela Maleta Do Engenheiro, conforme estabelecido nestes Termos, ficando garantido a esta empresa o direito de realizar a coleta, a guarda e o uso desses dados ou informa\u00e7\u00f5es, para os fins de presta\u00e7\u00e3o do Servi\u00e7o e de operacionaliza\u00e7\u00e3o da Plataforma, bem como para demais interesses leg\u00edtimos da Maleta Do Engenheiro.<\/p>\n\n\n\n<p>1.3. Fica claro que o presente instrumento dever\u00e1 ser interpretado em conjunto com os Termos de Uso publicados pela Maleta Do Engenheiro.<\/p>\n\n\n\n<h1 class=\"wp-block-heading\">2. COLETA DE DADOS<\/h1>\n\n\n\n<p>2.1. A Maleta Do Engenheiro poder\u00e1 realizar a coleta de diferentes esp\u00e9cies de dados e informa\u00e7\u00f5es, em momentos distintos do uso da Plataforma ou dos Servi\u00e7os pelo Usu\u00e1rio e Cliente (desde a realiza\u00e7\u00e3o de Cadastro, a contrata\u00e7\u00e3o de Servi\u00e7o, o uso deste, o uso de recursos diversos Plataforma etc.), podendo ser colhidos os seguintes dados:<\/p>\n\n\n\n<p>2.1.1. Dados Fornecidos Voluntariamente \u2013 Podemos coletar dados fornecidos voluntariamente pelo usu\u00e1rio, por meio de formul\u00e1rios ou ambientes de comunica\u00e7\u00e3o, como os seguintes dados: (a) de Identifica\u00e7\u00e3o (nome e documentos oficiais); (b) de contato (e-mail, telefone, endere\u00e7o); (c) arquivos e informa\u00e7\u00f5es registrados na Plataforma, referentes a projetos de constru\u00e7\u00e3o ou quest\u00f5es relacionadas; etc.; (d) comunica\u00e7\u00f5es realizadas perante a Maleta Do Engenheiro por qualquer meio; (e) dentre outros.<\/p>\n\n\n\n<p>2.1.2. Dados Coletados Por Tecnologia \u2013 Podemos coletar dados por meio de tecnologia, de maneira automatizada, incluindo informa\u00e7\u00f5es do dispositivo e sistemas utilizados (navegador, sistema operacional, endere\u00e7o de IP, data e hor\u00e1rios de visita etc.), bem como informa\u00e7\u00f5es relativas \u00e0 navega\u00e7\u00e3o e ao uso da Plataforma e Servi\u00e7os (funcionalidades utilizadas, informa\u00e7\u00f5es adicionadas etc.), podendo tais informa\u00e7\u00f5es serem coletadas por empresas terceiras;<\/p>\n\n\n\n<p>2.1.3. Dados Coletados Por Cookies \u2013 Podemos coletar dados por meio de cookies (tecnologia que registra informa\u00e7\u00f5es no dispositivo do usu\u00e1rio, para fins de melhora na navega\u00e7\u00e3o, realiza\u00e7\u00e3o de marketing), os quais poder\u00e3o ser Cookies de Sess\u00e3o (que se apagam ap\u00f3s o fim de um uso pontual da Plataforma), Persistentes (que se mant\u00e9m ap\u00f3s um uso pontual da Plataforma), Prim\u00e1rios (gerados pela pr\u00f3pria Maleta Do Engenheiro) ou de Terceiros (gerados por empresas terceiras) \u2013 sendo poss\u00edvel recursar ou desabilitar os Cookies por meio do navegador ou dispositivo do Usu\u00e1rio, o que poder\u00e1 impactar negativamente a experi\u00eancia de uso da Plataforma e dos Servi\u00e7os;<\/p>\n\n\n\n<p>2.1.4. Dados Fornecidos Por Terceiros \u2013 Podemos coletar dados por meio de fontes externas, sejam estas integradas \u00e0 Maleta Do Engenheiro por autoriza\u00e7\u00e3o do Usu\u00e1rio\/Cliente, ou n\u00e3o, como: (a) integra\u00e7\u00f5es com sistemas de terceiros; (b) informa\u00e7\u00f5es fornecidas por parceiros; (b) informa\u00e7\u00f5es coletadas de fontes como bureaus de informa\u00e7\u00e3o; (c) dados estat\u00edsticos de comportamento fornecidos por sistemas de an\u00e1lises de dados; (d) dentre outros.<\/p>\n\n\n\n<h1 class=\"wp-block-heading\">3. UTILIZA\u00c7\u00c3O DOS DADOS<\/h1>\n\n\n\n<p>3.1. A Maleta Do Engenheiro expressamente declara, e o Usu\u00e1rio reconhece e concorda, que:<\/p>\n\n\n\n<p>3.1.1. As informa\u00e7\u00f5es coletadas pela Maleta Do Engenheiro, solicitadas ao Usu\u00e1rio ou por este voluntariamente fornecidas ser\u00e3o utilizadas com o objetivo de instrumentalizar o correto funcionamento dos Servi\u00e7os e da Plataforma, bem como a garantia de interesses leg\u00edtimos da Maleta Do Engenheiro;<\/p>\n\n\n\n<p>3.1.2. Os dados coletados poder\u00e3o ser utilizados para fins de (a) an\u00e1lise estat\u00edstica, (b) desenvolvimento de produtos e servi\u00e7os, (c) identifica\u00e7\u00e3o de necessidades de cada Usu\u00e1rio ou Cliente, bem como (d) oferta de produtos ou servi\u00e7os, por meio de campanhas de marketing etc.;<\/p>\n\n\n\n<p>3.1.3. Eventuais dados sens\u00edveis e\/ou pessoais ser\u00e3o tratados com maior n\u00edvel de prote\u00e7\u00e3o, para preven\u00e7\u00e3o da exposi\u00e7\u00e3o destes a pessoas n\u00e3o autorizadas, bem como dar privacidade e\/ou confidencialidade ao Usu\u00e1rio e ao Cliente;<\/p>\n\n\n\n<p>3.1.4. Ressalvadas as eventuais proibi\u00e7\u00f5es legais, todos e quaisquer dados e informa\u00e7\u00f5es colhidos pela Maleta Do Engenheiro poder\u00e3o ser livremente utilizados, desde que anonimizados ou de outra forma protegidos, para gest\u00e3o, avalia\u00e7\u00e3o e melhoria da Plataforma e dos Servi\u00e7os;<\/p>\n\n\n\n<p>3.1.5. Informa\u00e7\u00f5es fornecidas, inclu\u00eddas e\/ou publicadas livremente pelo Usu\u00e1rio em ambientes de chat ser\u00e3o tratadas como informa\u00e7\u00f5es privadas, com exce\u00e7\u00e3o das hip\u00f3teses em que forem identificados usos fraudulentos ou ilegais, dentre outras atitudes proibidas por legisla\u00e7\u00e3o, norma ou regras estabelecidas pela Maleta Do Engenheiro;<\/p>\n\n\n\n<p>3.1.6. Informa\u00e7\u00f5es fornecidas, inclu\u00eddas e\/ou publicadas livremente pelo Usu\u00e1rio em ambientes de discuss\u00e3o, f\u00f3runs, coment\u00e1rios, avalia\u00e7\u00f5es etc., ser\u00e3o automaticamente tratadas como informa\u00e7\u00f5es expostas a p\u00fablico, ficando livremente dispon\u00edvel para acesso a terceiros, n\u00e3o estando protegidas por privacidade.<\/p>\n\n\n\n<p>3.2. A Maleta Do Engenheiro expressamente declara, e o Usu\u00e1rio reconhece e concorda, que:<\/p>\n\n\n\n<p>3.2.1. Servi\u00e7os prestados por empresas terceirizadas ser\u00e3o utilizados para gest\u00e3o da Plataforma e dos Servi\u00e7o (como, exemplificativamente: manuten\u00e7\u00e3o de servi\u00e7os; gerenciamento de banco de dados; an\u00e1lise de dados e melhoria de funcionalidades; marketing e publicidade; comunica\u00e7\u00e3o; etc.) \u2013 hip\u00f3tese em que a empresa terceira ter\u00e1 acesso \u00e0s informa\u00e7\u00f5es com o objetivo espec\u00edfico de executar as tarefas eventualmente contratadas pela Maleta Do Engenheiro;<\/p>\n\n\n\n<p>3.2.2. Poder\u00e3o os dados de Usu\u00e1rio ou Cliente serem compartilhados com terceiros, seja (a) em caso de opera\u00e7\u00f5es societ\u00e1rias e suas atividades preliminares, envolvendo a Maleta Do Engenheiro e terceiros, hip\u00f3tese em que a transfer\u00eancia de dados poder\u00e1 ser necess\u00e1ria para a continuidade da Plataforma, dos Servi\u00e7os ou para o lan\u00e7amento de novos produtos e servi\u00e7os, bem como (b) em caso de conflitos e demandas judiciais ou extrajudiciais, nas quais a Maleta Do Engenheiro necessite defender seus interesses;<\/p>\n\n\n\n<p>3.2.3. Poder\u00e3o os dados de Usu\u00e1rio ou Cliente serem compartilhados com terceiros, quando imprescind\u00edvel para a presta\u00e7\u00e3o do Servi\u00e7o ou funcionamento da Plataforma, ou para melhorar a experi\u00eancia do Usu\u00e1rio e do Cliente mediante integra\u00e7\u00e3o de servi\u00e7os, tecnologias ou facilidades terceiras.<\/p>\n\n\n\n<p>Par\u00e1grafo \u00danico \u2013 Considerando as regras estabelecidas pela Maleta Do Engenheiro por meio de seus Termos De Uso e de sua Pol\u00edtica De Privacidade, fica claro que o funcionamento da Plataforma e o fornecimento do Servi\u00e7o poder\u00e3o envolver o compartilhamento de dados do Usu\u00e1rio ou do Cliente com as seguintes institui\u00e7\u00f5es e\/ou servi\u00e7os de terceiros:<br>(a) Servi\u00e7os de Analytics, como: Google Analytics, Azure Insights;<br>(b) Servi\u00e7os de monitoramento de uso da Plataforma, como: HotJar;<br>(c) Servi\u00e7os de armazenamento de dados em nuvem, como: Google Drive; Dropbox; Microsoft OneDrive;<br>(d) Servi\u00e7o de Suporte e chatbot, como: Tawk.to, Intercom,<br>(e) \u2026<\/p>\n\n\n\n<p>3.3. Dados de comunica\u00e7\u00e3o (como telefone, email, endere\u00e7o etc.) poder\u00e3o ser utilizados para envio de comunicados e informativos relevantes, bem como para requisi\u00e7\u00e3o de novas informa\u00e7\u00f5es, de aceites e para verifica\u00e7\u00f5es de seguran\u00e7a, e\/ou oferta de produtos e servi\u00e7os.<\/p>\n\n\n\n<p>3.4. Respeitado o prazo de prescri\u00e7\u00e3o de processos judiciais e os interesses leg\u00edtimos da Maleta Do Engenheiro, bem como eventuais exce\u00e7\u00f5es legais ou estabelecidas nos Termos de Uso ou na Pol\u00edtica de Privacidade, os dados e informa\u00e7\u00f5es coletados de Usu\u00e1rios e Clientes ser\u00e3o exclu\u00eddos quando (a) a finalidade que fundamentou a coleta seja alcan\u00e7ada; (b) quando houver revoga\u00e7\u00e3o do consentimento pelo Usu\u00e1rio ou (c) mediante determina\u00e7\u00e3o de autoridades competente.<\/p>\n\n\n\n<h1 class=\"wp-block-heading\">4. DADOS PESSOAIS E LGPD<\/h1>\n\n\n\n<p>4.1. A Maleta Do Engenheiro compromete-se a tomar medidas para prote\u00e7\u00e3o aos direitos do titular de dados pessoais (no conceito da Lei Geral de Prote\u00e7\u00e3o De Dados \u2013 LGPD), respeitados os Termos de Uso e a presente Pol\u00edtica de Privacidade, ficando garantidos os seguintes Direitos ao Usu\u00e1rio, em rela\u00e7\u00e3o ao Processamento de Dados Pessoais, os quais poder\u00e3o ser exercidos por meio dos canais digitais de comunica\u00e7\u00e3o da Maleta Do Engenheiro:<\/p>\n\n\n\n<p>4.1.1. A confirma\u00e7\u00e3o da exist\u00eancia de tratamento de dados;<\/p>\n\n\n\n<p>4.1.2. O acesso aos dados coletados;<\/p>\n\n\n\n<p>4.1.3. A corre\u00e7\u00e3o de dados, em caso de estarem incompletos, inexatos ou desatualizados;<\/p>\n\n\n\n<p>4.1.4. A anonimiza\u00e7\u00e3o, bloqueio ou elimina\u00e7\u00e3o de dados desnecess\u00e1rios, excessivos ou tratados em desrespeito \u00e0 legisla\u00e7\u00e3o pertinente;<\/p>\n\n\n\n<p>4.1.5. A portabilidade dos dados;<\/p>\n\n\n\n<p>4.1.6. A elimina\u00e7\u00e3o dos dados tratados com base em seu consentimento, respeitado o prazo m\u00ednimo de armazenamento de informa\u00e7\u00f5es e os interesses leg\u00edtimos da Maleta Do Engenheiro;<\/p>\n\n\n\n<p>4.1.7. O fornecimento de informa\u00e7\u00f5es dados que tenham sido compartilhados com entidades terceiras, p\u00fablicas ou privadas;<\/p>\n\n\n\n<p>4.1.8. A possibilidade de n\u00e3o fornecer o seu consentimento em rela\u00e7\u00e3o ao tratamento de seus dados pessoais, hip\u00f3tese em que o uso da Plataforma e dos Servi\u00e7os n\u00e3o ser\u00e1 admitido.<\/p>\n\n\n\n<p>Par\u00e1grafo \u00danico \u2013 Ficam ressalvadas eventuais exce\u00e7\u00f5es e garantias legais ao controlador e ao operador, quanto ao uso de dados pessoais, bem como ficando garantido o fair use de dados pessoais \u00e0 Maleta Do Engenheiro, para defesa de seus direitos e interesses leg\u00edtimos.<\/p>\n\n\n\n<h1 class=\"wp-block-heading\">5. SEGURAN\u00c7A<\/h1>\n\n\n\n<p>5.1. A Maleta Do Engenheiro se compromete a tomar medidas de seguran\u00e7a e criptografia para proteger e manter os dados e informa\u00e7\u00f5es coletados dos Usu\u00e1rio e\/ou estes fornecidos livre do acesso e\/ou uso por pessoas n\u00e3o autorizadas, limitando o acesso e uso destas ao que expressamente se estabelece nos Termos de Uso e na presente Pol\u00edtica de Privacidade \u2013 ficando claro que, por motivos de impossibilidades t\u00e9cnica e jur\u00eddica, n\u00e3o garantimos a inviolabilidade destas informa\u00e7\u00f5es, considerando a falibilidade inerente a quaisquer tecnologias e\/ou t\u00e9cnicas de seguran\u00e7a.<\/p>\n\n\n\n<p>5.2. Considerando os esfor\u00e7os j\u00e1 empreendidos pela Maleta Do Engenheiro para a seguran\u00e7a dos dados e informa\u00e7\u00f5es dos Usu\u00e1rios e do Cliente, fica claro que, em caso de quebra de seguran\u00e7a ou de vazamento de informa\u00e7\u00f5es, a Maleta Do Engenheiro n\u00e3o ser\u00e1 respons\u00e1vel por preju\u00edzos ou perdas de dados decorrentes da a\u00e7\u00e3o fraudulenta de terceiros, de invas\u00f5es, de usos n\u00e3o autorizados, de caso fortuito ou de for\u00e7a maior.<\/p>\n\n\n\n<h1 class=\"wp-block-heading\">6. CL\u00c1USULAS GERAIS<\/h1>\n\n\n\n<p>6.1. Para o contato entre a Maleta Do Engenheiro e o Usu\u00e1rio, fica disponibilizado o endere\u00e7o eletr\u00f4nico \u201cromeu@leb.eng.br\u201d, obrigando-se o Usu\u00e1rio a manter em seu cadastro endere\u00e7o eletr\u00f4nico atual, por interm\u00e9dio do qual se far\u00e3o as comunica\u00e7\u00f5es, desde logo emprestando-se validade jur\u00eddica a esse meio de comunica\u00e7\u00e3o.<\/p>\n\n\n\n<p>6.2. Qualquer cl\u00e1usula ou condi\u00e7\u00e3o dos Termos De Uso ou da Pol\u00edtica De Privacidade que, por qualquer raz\u00e3o, venha a ser reputada nula ou ineficaz por qualquer ju\u00edzo ou tribunal, n\u00e3o afetar\u00e1 a validade de suas demais disposi\u00e7\u00f5es, as quais permanecer\u00e3o plenamente v\u00e1lidas e vinculantes.<\/p>\n\n\n\n<p>6.3. A Maleta Do Engenheiro, como titular dos servi\u00e7os e da Plataforma, reserva para si o amplo e incondicionado direito de, a qualquer momento e independente de justificativa ou de aviso pr\u00e9vio, implementar qualquer esp\u00e9cie de altera\u00e7\u00e3o em sua Pol\u00edtica de Privacidade, em seus Termos de Uso, nos recursos e funcionalidades de sua Plataforma e\/ou em qualquer de seus servi\u00e7os e\/ou pr\u00e1ticas\/pol\u00edticas empresariais e comerciais \u2013 sendo recomendado que o usu\u00e1rio visite periodicamente estes documentos e regras, para transpar\u00eancia quanto \u00e0s atualiza\u00e7\u00f5es eventualmente realizadas, ficando claro que, caso discorde do novo teor, dever\u00e1 o Usu\u00e1rio ou o Cliente deixarem de utilizar a Plataforma, sendo o sil\u00eancio ou a in\u00e9rcia considerados como pleno aceite das novas condi\u00e7\u00f5es ou regras.<\/p>\n\n\n\n<p>6.4. Antes de usar informa\u00e7\u00f5es para outros fins que n\u00e3o os definidos ou previstos nesta Pol\u00edtica de Privacidade, solicitaremos sua autoriza\u00e7\u00e3o, a qual, sendo concedida, permitir\u00e1 \u00e0 Maleta Do Engenheiro utilizar os dados e informa\u00e7\u00f5es colhidos.<\/p>\n\n\n\n<p>6.5. A Maleta Do Engenheiro est\u00e1 autorizada a transferir ou ceder a terceiros, total ou parcialmente, os seus direitos e deveres referentes \u00e0 empresa titular dos Servi\u00e7os e da Plataforma, incluindo suas tecnologias, banco de dados etc.<\/p>\n\n\n\n<p>6.6. Esta Pol\u00edtica de Privacidade deve ser entendida e interpretada de acordo com as leis da Rep\u00fablica Federativa do Brasil e, caso surja qualquer desaven\u00e7a que n\u00e3o seja resolvida amigavelmente entre as Partes, fica fixado o Foro da Comarca de GOI\u00c2NIA \u2013 GO como competente para dirimir as d\u00favidas ou conflitos decorrentes do presente documento.<\/p>\n\n\n\n<p>Por favor, imprima esta Pol\u00edtica de Privacidade e guarde-a junto aos seus documentos.<\/p>","protected":false},"excerpt":{"rendered":"<p>Pol\u00edtica de Privacidade Maleta do Engenheiro A Maleta Do Engenheiro se compromete com a privacidade e a seguran\u00e7a das informa\u00e7\u00f5es de seus Usu\u00e1rios e Clientes. Por meio deste documento, tornamos p\u00fablico como a empresa lida com as suas informa\u00e7\u00f5es pessoais e\/ou confidenciais. A presente Pol\u00edtica de Privacidade, documento que possui natureza jur\u00eddica de contrato, dentre [&hellip;]<\/p>","protected":false},"author":1,"featured_media":0,"parent":0,"menu_order":0,"comment_status":"closed","ping_status":"closed","template":"privacy-policies.php","meta":{"footnotes":""},"class_list":["post-15","page","type-page","status-publish","hentry"],"yoast_head":"<!-- This site is optimized with the Yoast SEO plugin v26.9 - https:\/\/yoast.com\/product\/yoast-seo-wordpress\/ -->\n<title>Coordly - Pol\u00edticas de Privacidade<\/title>\n<meta name=\"robots\" content=\"index, follow, max-snippet:-1, max-image-preview:large, max-video-preview:-1\" \/>\n<link rel=\"canonical\" href=\"https:\/\/coordly.co\/en\/privacy-policies\/\" \/>\n<meta property=\"og:locale\" content=\"en_US\" \/>\n<meta property=\"og:type\" content=\"article\" \/>\n<meta property=\"og:title\" content=\"Coordly - Pol\u00edticas de Privacidade\" \/>\n<meta property=\"og:description\" content=\"Pol\u00edtica de Privacidade Maleta do Engenheiro A Maleta Do Engenheiro se compromete com a privacidade e a seguran\u00e7a das informa\u00e7\u00f5es de seus Usu\u00e1rios e Clientes. Por meio deste documento, tornamos p\u00fablico como a empresa lida com as suas informa\u00e7\u00f5es pessoais e\/ou confidenciais. A presente Pol\u00edtica de Privacidade, documento que possui natureza jur\u00eddica de contrato, dentre [&hellip;]\" \/>\n<meta property=\"og:url\" content=\"https:\/\/coordly.co\/en\/privacy-policies\/\" \/>\n<meta property=\"og:site_name\" content=\"Coordly\" \/>\n<meta property=\"article:modified_time\" content=\"2025-03-17T18:17:24+00:00\" \/>\n<meta name=\"twitter:card\" content=\"summary_large_image\" \/>\n<meta name=\"twitter:label1\" content=\"Est. reading time\" \/>\n\t<meta name=\"twitter:data1\" content=\"12 minutes\" \/>\n<script type=\"application\/ld+json\" class=\"yoast-schema-graph\">{\"@context\":\"https:\/\/schema.org\",\"@graph\":[{\"@type\":\"WebPage\",\"@id\":\"https:\/\/coordly.co\/privacy-policies\/\",\"url\":\"https:\/\/coordly.co\/privacy-policies\/\",\"name\":\"Coordly - Pol\u00edticas de Privacidade\",\"isPartOf\":{\"@id\":\"https:\/\/coordly.co\/#website\"},\"datePublished\":\"2024-11-14T20:04:49+00:00\",\"dateModified\":\"2025-03-17T18:17:24+00:00\",\"inLanguage\":\"en-US\",\"potentialAction\":[{\"@type\":\"ReadAction\",\"target\":[\"https:\/\/coordly.co\/privacy-policies\/\"]}]},{\"@type\":\"WebSite\",\"@id\":\"https:\/\/coordly.co\/#website\",\"url\":\"https:\/\/coordly.co\/\",\"name\":\"Coordly - Build it Better\",\"description\":\"Build it Better\",\"publisher\":{\"@id\":\"https:\/\/coordly.co\/#organization\"},\"alternateName\":\"Coordly\",\"potentialAction\":[{\"@type\":\"SearchAction\",\"target\":{\"@type\":\"EntryPoint\",\"urlTemplate\":\"https:\/\/coordly.co\/?s={search_term_string}\"},\"query-input\":{\"@type\":\"PropertyValueSpecification\",\"valueRequired\":true,\"valueName\":\"search_term_string\"}}],\"inLanguage\":\"en-US\"},{\"@type\":\"Organization\",\"@id\":\"https:\/\/coordly.co\/#organization\",\"name\":\"Coordly - Build it Better\",\"alternateName\":\"Coordly\",\"url\":\"https:\/\/coordly.co\/\",\"logo\":{\"@type\":\"ImageObject\",\"inLanguage\":\"en-US\",\"@id\":\"https:\/\/coordly.co\/#\/schema\/logo\/image\/\",\"url\":\"https:\/\/coordly.co\/wp-content\/uploads\/2024\/11\/Reducao-256px.png\",\"contentUrl\":\"https:\/\/coordly.co\/wp-content\/uploads\/2024\/11\/Reducao-256px.png\",\"width\":256,\"height\":256,\"caption\":\"Coordly - Build it Better\"},\"image\":{\"@id\":\"https:\/\/coordly.co\/#\/schema\/logo\/image\/\"}}]}<\/script>\n<!-- \/ Yoast SEO plugin. -->","yoast_head_json":{"title":"Coordly - Pol\u00edticas de Privacidade","robots":{"index":"index","follow":"follow","max-snippet":"max-snippet:-1","max-image-preview":"max-image-preview:large","max-video-preview":"max-video-preview:-1"},"canonical":"https:\/\/coordly.co\/en\/privacy-policies\/","og_locale":"en_US","og_type":"article","og_title":"Coordly - Pol\u00edticas de Privacidade","og_description":"Pol\u00edtica de Privacidade Maleta do Engenheiro A Maleta Do Engenheiro se compromete com a privacidade e a seguran\u00e7a das informa\u00e7\u00f5es de seus Usu\u00e1rios e Clientes. Por meio deste documento, tornamos p\u00fablico como a empresa lida com as suas informa\u00e7\u00f5es pessoais e\/ou confidenciais. A presente Pol\u00edtica de Privacidade, documento que possui natureza jur\u00eddica de contrato, dentre [&hellip;]","og_url":"https:\/\/coordly.co\/en\/privacy-policies\/","og_site_name":"Coordly","article_modified_time":"2025-03-17T18:17:24+00:00","twitter_card":"summary_large_image","twitter_misc":{"Est. reading time":"12 minutes"},"schema":{"@context":"https:\/\/schema.org","@graph":[{"@type":"WebPage","@id":"https:\/\/coordly.co\/privacy-policies\/","url":"https:\/\/coordly.co\/privacy-policies\/","name":"Coordly - Pol\u00edticas de Privacidade","isPartOf":{"@id":"https:\/\/coordly.co\/#website"},"datePublished":"2024-11-14T20:04:49+00:00","dateModified":"2025-03-17T18:17:24+00:00","inLanguage":"en-US","potentialAction":[{"@type":"ReadAction","target":["https:\/\/coordly.co\/privacy-policies\/"]}]},{"@type":"WebSite","@id":"https:\/\/coordly.co\/#website","url":"https:\/\/coordly.co\/","name":"Coordly - Build it Better","description":"Build it Better","publisher":{"@id":"https:\/\/coordly.co\/#organization"},"alternateName":"Coordly","potentialAction":[{"@type":"SearchAction","target":{"@type":"EntryPoint","urlTemplate":"https:\/\/coordly.co\/?s={search_term_string}"},"query-input":{"@type":"PropertyValueSpecification","valueRequired":true,"valueName":"search_term_string"}}],"inLanguage":"en-US"},{"@type":"Organization","@id":"https:\/\/coordly.co\/#organization","name":"Coordly - Build it Better","alternateName":"Coordly","url":"https:\/\/coordly.co\/","logo":{"@type":"ImageObject","inLanguage":"en-US","@id":"https:\/\/coordly.co\/#\/schema\/logo\/image\/","url":"https:\/\/coordly.co\/wp-content\/uploads\/2024\/11\/Reducao-256px.png","contentUrl":"https:\/\/coordly.co\/wp-content\/uploads\/2024\/11\/Reducao-256px.png","width":256,"height":256,"caption":"Coordly - Build it Better"},"image":{"@id":"https:\/\/coordly.co\/#\/schema\/logo\/image\/"}}]}},"_links":{"self":[{"href":"https:\/\/coordly.co\/en\/wp-json\/wp\/v2\/pages\/15","targetHints":{"allow":["GET"]}}],"collection":[{"href":"https:\/\/coordly.co\/en\/wp-json\/wp\/v2\/pages"}],"about":[{"href":"https:\/\/coordly.co\/en\/wp-json\/wp\/v2\/types\/page"}],"author":[{"embeddable":true,"href":"https:\/\/coordly.co\/en\/wp-json\/wp\/v2\/users\/1"}],"replies":[{"embeddable":true,"href":"https:\/\/coordly.co\/en\/wp-json\/wp\/v2\/comments?post=15"}],"version-history":[{"count":2,"href":"https:\/\/coordly.co\/en\/wp-json\/wp\/v2\/pages\/15\/revisions"}],"predecessor-version":[{"id":2055,"href":"https:\/\/coordly.co\/en\/wp-json\/wp\/v2\/pages\/15\/revisions\/2055"}],"wp:attachment":[{"href":"https:\/\/coordly.co\/en\/wp-json\/wp\/v2\/media?parent=15"}],"curies":[{"name":"wp","href":"https:\/\/api.w.org\/{rel}","templated":true}]}}